{"id":250,"date":"2024-01-30T18:01:18","date_gmt":"2024-01-30T18:01:18","guid":{"rendered":"https:\/\/aktiv-deutsch.ma\/?page_id=250"},"modified":"2024-02-02T21:13:05","modified_gmt":"2024-02-02T21:13:05","slug":"etude-universitaire","status":"publish","type":"page","link":"https:\/\/aktiv-deutsch.ma\/?page_id=250","title":{"rendered":"Etude universitaire"},"content":{"rendered":"\t\t<div data-elementor-type=\"wp-page\" data-elementor-id=\"250\" class=\"elementor elementor-250\">\n\t\t\t\t\t\t\t<div class=\"elementor-element elementor-element-dbb5762 e-flex e-con-boxed e-con e-parent\" data-id=\"dbb5762\" data-element_type=\"container\" data-settings=\"{&quot;background_background&quot;:&quot;classic&quot;,&quot;content_width&quot;:&quot;boxed&quot;}\" data-core-v316-plus=\"true\">\n\t\t\t\t\t<div class=\"e-con-inner\">\n\t\t\t\t<div class=\"elementor-element elementor-element-3ff91aa elementor-widget elementor-widget-text-editor\" data-id=\"3ff91aa\" data-element_type=\"widget\" data-widget_type=\"text-editor.default\">\n\t\t\t\t<div class=\"elementor-widget-container\">\n\t\t\t<style>\/*! elementor - v3.18.0 - 20-12-2023 *\/\n.elementor-widget-text-editor.elementor-drop-cap-view-stacked .elementor-drop-cap{background-color:#69727d;color:#fff}.elementor-widget-text-editor.elementor-drop-cap-view-framed .elementor-drop-cap{color:#69727d;border:3px solid;background-color:transparent}.elementor-widget-text-editor:not(.elementor-drop-cap-view-default) .elementor-drop-cap{margin-top:8px}.elementor-widget-text-editor:not(.elementor-drop-cap-view-default) .elementor-drop-cap-letter{width:1em;height:1em}.elementor-widget-text-editor .elementor-drop-cap{float:left;text-align:center;line-height:1;font-size:50px}.elementor-widget-text-editor .elementor-drop-cap-letter{display:inline-block}<\/style>\t\t\t\t<p class=\"p1\"><b>Introduction<\/b><\/p><p class=\"p1\">L\u2019Allemagne est la quatri\u00e8me plus grande \u00e9conomie du monde et entretient de tr\u00e8s bonnes relations internationales. Plus de 83 millions de personnes vivent aujourd\u2019hui dans le pays, dont 10 millions viennent d\u2019autres pays. Les \u00e9tudiants \u00e9trangers trouveront \u00e9galement un environnement s\u00fbr. Ce n\u2019est pas un hasard, si en 2021 plus de 2,9 millions d\u2019\u00e9tudiants \u00e9taient inscrits dans 422 universit\u00e9s et \u00e9coles sup\u00e9rieurs en Allemagne. La plus grande universit\u00e9 d\u2019Allemagne en nombre est l\u2019universit\u00e9 de Hagen (environ 68 000 \u00e9tudiants en 2021).<\/p><p class=\"p1\"><b>Conditions<\/b><\/p><ul class=\"ul1\"><li class=\"li2\"><span class=\"s2\">Certificat de comp\u00e9tences linguistiques en allemand B1\/B2.<\/span><\/li><li class=\"li2\"><span class=\"s2\">Preuve de financement : Soit un compte bloqu\u00e9 dans une banque en Allemagne. Depuis le 1er janvier 2023, le montant est de 934 euros par mois ou 11.208 euros par an ou par une d\u00e9claration d\u2019engagement de r\u00e9sidence en Allemagne (au moins un an).<\/span><\/li><li class=\"li2\"><span class=\"s2\">Satisfaction d\u2019un des crit\u00e8res de la liste A suivants :<\/span><\/li><li class=\"li2\"><span class=\"s2\">Baccalur\u00e9at avec une note de 13,5 ou mieux.<\/span><\/li><li class=\"li2\"><span class=\"s2\">R\u00e9ussir le certificat B1 avec\u00a0\u201c\u00a0tr\u00e8s bien \u201e<\/span><\/li><li class=\"li2\"><span class=\"s2\">R\u00e9ussir le certificat B2 avec \u201c bien \u201e<\/span><\/li><li class=\"li2\"><span class=\"s2\">R\u00e9ussir C1.<\/span><\/li><li class=\"li2\"><span class=\"s2\">R\u00e9ussir l\u2019examen (Feststellungspr\u00fcfung) apr\u00e8s avoir fr\u00e9quent\u00e9 un Studienkolleg pr\u00e9paratoire au Maroc.<\/span><\/li><li class=\"li2\"><span class=\"s2\">Admission au doctorat en Allemagne.<\/span><\/li><\/ul><p class=\"p1\">Si vous ne r\u00e9pondez pas \u00e0 ces crit\u00e8res, vous \u00eates automatiquement inclus dans la liste B<\/p><p class=\"p1\">\u00a0<\/p>\t\t\t\t\t\t<\/div>\n\t\t\t\t<\/div>\n\t\t\t\t<div class=\"elementor-element elementor-element-f34cf22 elementor-widget elementor-widget-toggle\" data-id=\"f34cf22\" data-element_type=\"widget\" data-widget_type=\"toggle.default\">\n\t\t\t\t<div class=\"elementor-widget-container\">\n\t\t\t<style>\/*! elementor - v3.18.0 - 20-12-2023 *\/\n.elementor-toggle{text-align:left}.elementor-toggle .elementor-tab-title{font-weight:700;line-height:1;margin:0;padding:15px;border-bottom:1px solid #d5d8dc;cursor:pointer;outline:none}.elementor-toggle .elementor-tab-title .elementor-toggle-icon{display:inline-block;width:1em}.elementor-toggle .elementor-tab-title .elementor-toggle-icon svg{margin-inline-start:-5px;width:1em;height:1em}.elementor-toggle .elementor-tab-title .elementor-toggle-icon.elementor-toggle-icon-right{float:right;text-align:right}.elementor-toggle .elementor-tab-title .elementor-toggle-icon.elementor-toggle-icon-left{float:left;text-align:left}.elementor-toggle .elementor-tab-title .elementor-toggle-icon .elementor-toggle-icon-closed{display:block}.elementor-toggle .elementor-tab-title .elementor-toggle-icon .elementor-toggle-icon-opened{display:none}.elementor-toggle .elementor-tab-title.elementor-active{border-bottom:none}.elementor-toggle .elementor-tab-title.elementor-active .elementor-toggle-icon-closed{display:none}.elementor-toggle .elementor-tab-title.elementor-active .elementor-toggle-icon-opened{display:block}.elementor-toggle .elementor-tab-content{padding:15px;border-bottom:1px solid #d5d8dc;display:none}@media (max-width:767px){.elementor-toggle .elementor-tab-title{padding:12px}.elementor-toggle .elementor-tab-content{padding:12px 10px}}.e-con-inner>.elementor-widget-toggle,.e-con>.elementor-widget-toggle{width:var(--container-widget-width);--flex-grow:var(--container-widget-flex-grow)}<\/style>\t\t<div class=\"elementor-toggle\">\n\t\t\t\t\t\t\t<div class=\"elementor-toggle-item\">\n\t\t\t\t\t<div id=\"elementor-tab-title-2551\" class=\"elementor-tab-title\" data-tab=\"1\" role=\"button\" aria-controls=\"elementor-tab-content-2551\" aria-expanded=\"false\">\n\t\t\t\t\t\t\t\t\t\t\t\t<span class=\"elementor-toggle-icon elementor-toggle-icon-left\" aria-hidden=\"true\">\n\t\t\t\t\t\t\t\t\t\t\t\t\t\t\t<span class=\"elementor-toggle-icon-closed\"><svg class=\"e-font-icon-svg e-fas-caret-right\" viewBox=\"0 0 192 512\" xmlns=\"http:\/\/www.w3.org\/2000\/svg\"><path d=\"M0 384.662V127.338c0-17.818 21.543-26.741 34.142-14.142l128.662 128.662c7.81 7.81 7.81 20.474 0 28.284L34.142 398.804C21.543 411.404 0 402.48 0 384.662z\"><\/path><\/svg><\/span>\n\t\t\t\t\t\t\t\t<span class=\"elementor-toggle-icon-opened\"><svg class=\"elementor-toggle-icon-opened e-font-icon-svg e-fas-caret-up\" viewBox=\"0 0 320 512\" xmlns=\"http:\/\/www.w3.org\/2000\/svg\"><path d=\"M288.662 352H31.338c-17.818 0-26.741-21.543-14.142-34.142l128.662-128.662c7.81-7.81 20.474-7.81 28.284 0l128.662 128.662c12.6 12.599 3.676 34.142-14.142 34.142z\"><\/path><\/svg><\/span>\n\t\t\t\t\t\t\t\t\t\t\t\t\t<\/span>\n\t\t\t\t\t\t\t\t\t\t\t\t<a class=\"elementor-toggle-title\" tabindex=\"0\">Lire plus<\/a>\n\t\t\t\t\t<\/div>\n\n\t\t\t\t\t<div id=\"elementor-tab-content-2551\" class=\"elementor-tab-content elementor-clearfix\" data-tab=\"1\" role=\"region\" aria-labelledby=\"elementor-tab-title-2551\"><p class=\"p1\"><b>Processus de demande de visa<\/b><\/p><p class=\"p1\">Si vous remplissez les conditions mentionn\u00e9es, vous pouvez commencer le processus de visa. Lors de la demande de visa d\u2019\u00e9tudes \u00e0 l\u2019ambassade d\u2019Allemagne \u00e0 Rabat, les documents suivants sont requis :<\/p><p class=\"p1\">\u2022 \u00a0\u00a0Prise de rendez-vous en ligne.<\/p><p class=\"p1\">\u2022 \u00a0\u00a0Formulaire de demande de visa rempli.<\/p><p class=\"p1\">\u2022 \u00a0\u00a0Passeport et pi\u00e8ce d\u2019identit\u00e9 valables et photos biom\u00e9triques r\u00e9centes.<\/p><p class=\"p1\">\u2022 \u00a0\u00a0Preuve d\u2019assurance maladie<\/p><p class=\"p1\">\u2022 \u00a0\u00a0Preuve de financement<\/p><p class=\"p1\">\u2022 \u00a0\u00a0Preuve des r\u00e9sultats d\u2019\u00e9tudes ant\u00e9rieures et des comp\u00e9tences linguistiques<\/p><p class=\"p1\">\u2022 \u00a0\u00a0Lettre d\u2019admission de l\u2019universit\u00e9<\/p><p class=\"p1\">\u2022 \u00a0\u00a0Curriculum vitae (CV)<\/p><p class=\"p1\">\u2022 \u00a0\u00a0Lettre de motivation (une seule page)<\/p><p class=\"p1\">\u2022\u00a0 \u00a0Frais de dossier 75 euros (ou en DH)<\/p><p class=\"p1\">Lorsque vous obtenez le visa, vous pouvez vous r\u00e9jouissez \u00e0 l\u2019avance et pr\u00e9parer votre voyage en Allemagne.<\/p><p class=\"p1\">Apr\u00e8s votre arriv\u00e9e en Allemagne, vous avez deux options pour entamer votre \u00e9tude :<\/p><p class=\"p1\">\u2022 \u00a0\u00a0Les \u00e9l\u00e8ves qui n\u2019ont qu\u2019un dipl\u00f4me d\u2019\u00e9tudes secondaires au Maroc doivent fr\u00e9quenter le coll\u00e8ge pr\u00e9paratoire (Studienkolleg) en Allemagne. Il s\u2019agit d\u2019un cours pr\u00e9paratoire au dipl\u00f4me, qui dure deux semestres. Le cours se termine par le test d\u2019\u00e9valuation (Feststellungspr\u00fcfung), qui se compose de plusieurs sujets qui sont importants pour les \u00e9tudes ult\u00e9rieures.<\/p><p class=\"p1\">\u2022 \u00a0Les \u00e9l\u00e8ves qui ont un dipl\u00f4me d\u2019\u00e9tudes secondaires et qui ont r\u00e9ussi deux semestres d\u2019\u00e9tudes \u00e0 l\u2019universit\u00e9 au Maroc ont besoin d\u2019un examen DSH. La pr\u00e9paration DSH prend 2-3 mois.<\/p><p class=\"p1\">Si vous avez r\u00e9ussi le coll\u00e8ge pr\u00e9paratoire (Studienkolleg) ou l\u2019examen DSH, vous pouvez commencer vos \u00e9tudes. En plus de vos \u00e9tudes, vous avez la possibilit\u00e9 de travailler jusqu\u2019\u00e0 120 journ\u00e9es compl\u00e8tes ou 240 demi-journ\u00e9es par an. Pour vous, cela repr\u00e9sente un financement suppl\u00e9mentaire pour votre s\u00e9jour.<\/p><p class=\"p1\">Une fois vos \u00e9tudes termin\u00e9es avec succ\u00e8s, vous avez d\u2019excellentes opportunit\u00e9s sur le march\u00e9 du travail en Allemagne et international : l\u2019\u00e9conomie offre un large \u00e9ventail d\u2019opportunit\u00e9s de carri\u00e8re qui vous conviennent et correspondent \u00e0 vos objectifs.<\/p><\/div>\n\t\t\t\t<\/div>\n\t\t\t\t\t\t\t\t<\/div>\n\t\t\t\t<\/div>\n\t\t\t\t<\/div>\n\t\t\t\t\t<\/div>\n\t\t\t\t<\/div>\n\t\t\t\t\t\t\t<\/div>\n\t\t","protected":false},"excerpt":{"rendered":"<p>Introduction L\u2019Allemagne est la quatri\u00e8me plus grande \u00e9conomie du monde et entretient de tr\u00e8s bonnes relations internationales. Plus de 83 [&hellip;]<\/p>\n","protected":false},"author":1,"featured_media":0,"parent":0,"menu_order":0,"comment_status":"closed","ping_status":"closed","template":"","meta":{"site-sidebar-layout":"no-sidebar","site-content-layout":"","ast-site-content-layout":"full-width-container","site-content-style":"default","site-sidebar-style":"default","ast-global-header-display":"","ast-banner-title-visibility":"","ast-main-header-display":"","ast-hfb-above-header-display":"","ast-hfb-below-header-display":"","ast-hfb-mobile-header-display":"","site-post-title":"disabled","ast-breadcrumbs-content":"","ast-featured-img":"disabled","footer-sml-layout":"","theme-transparent-header-meta":"","adv-header-id-meta":"","stick-header-meta":"","header-above-stick-meta":"","header-main-stick-meta":"","header-below-stick-meta":"","astra-migrate-meta-layouts":"default","ast-page-background-enabled":"default","ast-page-background-meta":{"desktop":{"background-color":"var(--ast-global-color-4)","background-image":"","background-repeat":"repeat","background-position":"center center","background-size":"auto","background-attachment":"scroll","background-type":"","background-media":"","overlay-type":"","overlay-color":"","overlay-gradient":""},"tablet":{"background-color":"","background-image":"","background-repeat":"repeat","background-position":"center center","background-size":"auto","background-attachment":"scroll","background-type":"","background-media":"","overlay-type":"","overlay-color":"","overlay-gradient":""},"mobile":{"background-color":"","background-image":"","background-repeat":"repeat","background-position":"center center","background-size":"auto","background-attachment":"scroll","background-type":"","background-media":"","overlay-type":"","overlay-color":"","overlay-gradient":""}},"ast-content-background-meta":{"desktop":{"background-color":"var(--ast-global-color-5)","background-image":"","background-repeat":"repeat","background-position":"center center","background-size":"auto","background-attachment":"scroll","background-type":"","background-media":"","overlay-type":"","overlay-color":"","overlay-gradient":""},"tablet":{"background-color":"var(--ast-global-color-5)","background-image":"","background-repeat":"repeat","background-position":"center center","background-size":"auto","background-attachment":"scroll","background-type":"","background-media":"","overlay-type":"","overlay-color":"","overlay-gradient":""},"mobile":{"background-color":"var(--ast-global-color-5)","background-image":"","background-repeat":"repeat","background-position":"center center","background-size":"auto","background-attachment":"scroll","background-type":"","background-media":"","overlay-type":"","overlay-color":"","overlay-gradient":""}},"footnotes":""},"class_list":["post-250","page","type-page","status-publish","hentry"],"_links":{"self":[{"href":"https:\/\/aktiv-deutsch.ma\/index.php?rest_route=\/wp\/v2\/pages\/250","targetHints":{"allow":["GET"]}}],"collection":[{"href":"https:\/\/aktiv-deutsch.ma\/index.php?rest_route=\/wp\/v2\/pages"}],"about":[{"href":"https:\/\/aktiv-deutsch.ma\/index.php?rest_route=\/wp\/v2\/types\/page"}],"author":[{"embeddable":true,"href":"https:\/\/aktiv-deutsch.ma\/index.php?rest_route=\/wp\/v2\/users\/1"}],"replies":[{"embeddable":true,"href":"https:\/\/aktiv-deutsch.ma\/index.php?rest_route=%2Fwp%2Fv2%2Fcomments&post=250"}],"version-history":[{"count":4,"href":"https:\/\/aktiv-deutsch.ma\/index.php?rest_route=\/wp\/v2\/pages\/250\/revisions"}],"predecessor-version":[{"id":273,"href":"https:\/\/aktiv-deutsch.ma\/index.php?rest_route=\/wp\/v2\/pages\/250\/revisions\/273"}],"wp:attachment":[{"href":"https:\/\/aktiv-deutsch.ma\/index.php?rest_route=%2Fwp%2Fv2%2Fmedia&parent=250"}],"curies":[{"name":"wp","href":"https:\/\/api.w.org\/{rel}","templated":true}]}}