{"id":241,"date":"2024-01-29T13:56:37","date_gmt":"2024-01-29T13:56:37","guid":{"rendered":"https:\/\/aktiv-deutsch.ma\/?page_id=241"},"modified":"2024-01-30T17:59:27","modified_gmt":"2024-01-30T17:59:27","slug":"formation-et-travail","status":"publish","type":"page","link":"https:\/\/aktiv-deutsch.ma\/?page_id=241","title":{"rendered":"Formation et travail"},"content":{"rendered":"\t\t<div data-elementor-type=\"wp-page\" data-elementor-id=\"241\" class=\"elementor elementor-241\">\n\t\t\t\t\t\t\t<div class=\"elementor-element elementor-element-aae3f6d e-flex e-con-boxed e-con e-parent\" data-id=\"aae3f6d\" data-element_type=\"container\" data-settings=\"{&quot;background_background&quot;:&quot;classic&quot;,&quot;content_width&quot;:&quot;boxed&quot;}\" data-core-v316-plus=\"true\">\n\t\t\t\t\t<div class=\"e-con-inner\">\n\t\t\t\t<div class=\"elementor-element elementor-element-43ae953 elementor-widget elementor-widget-text-editor\" data-id=\"43ae953\" data-element_type=\"widget\" data-widget_type=\"text-editor.default\">\n\t\t\t\t<div class=\"elementor-widget-container\">\n\t\t\t<style>\/*! elementor - v3.18.0 - 20-12-2023 *\/\n.elementor-widget-text-editor.elementor-drop-cap-view-stacked .elementor-drop-cap{background-color:#69727d;color:#fff}.elementor-widget-text-editor.elementor-drop-cap-view-framed .elementor-drop-cap{color:#69727d;border:3px solid;background-color:transparent}.elementor-widget-text-editor:not(.elementor-drop-cap-view-default) .elementor-drop-cap{margin-top:8px}.elementor-widget-text-editor:not(.elementor-drop-cap-view-default) .elementor-drop-cap-letter{width:1em;height:1em}.elementor-widget-text-editor .elementor-drop-cap{float:left;text-align:center;line-height:1;font-size:50px}.elementor-widget-text-editor .elementor-drop-cap-letter{display:inline-block}<\/style>\t\t\t\t<p class=\"p1\"><strong><span class=\"s1\">1 &#8211; Formation professionelle<\/span><\/strong><\/p><p class=\"p2\">En Allemagne, environ 1,3 million d\u2019apprentis ont commenc\u00e9 une formation professionelle en 2020. Les principaux m\u00e9tiers de formation sont les techniciens en m\u00e9catronique automobile, les commer\u00e7ants, les \u00e9lectroniciens, les informaticiens et les assistants m\u00e9dicaux. La profession d&rsquo;informaticien a enregistr\u00e9 \u00e0 plusieurs reprises la plus forte augmentation de nouveaux contrats, tandis que les soignants g\u00e9riatriques font d\u00e9sormais partie des professions en p\u00e9nurie en Allemagne. En 2021 seulement, il y avait une p\u00e9nurie de 17 000 professionnels des soignants g\u00e9riatriques et de plus de 14 000 professionnels de la sant\u00e9 et des soins infirmiers.<\/p><p class=\"p2\">Au total, pr\u00e8s de 60 000 ressortissants \u00e9trangers ont sign\u00e9 un nouveau contrat en 2019. Il y a quelques ann\u00e9es, il \u00e9tait impensable que des \u00e9trangers de pays non membres de l&rsquo;union europ\u00e9enne puissent faire une formation professionelle en Allemagne. Cela a compl\u00e8tement chang\u00e9 en raison du manque de travailleurs qualifi\u00e9s. Toute personne \u00e9trang\u00e8re peut d\u00e9sormais chercher et postuler pour une formation professionelle en Allemagne.<\/p>\t\t\t\t\t\t<\/div>\n\t\t\t\t<\/div>\n\t\t\t\t<div class=\"elementor-element elementor-element-c010ad8 elementor-widget elementor-widget-toggle\" data-id=\"c010ad8\" data-element_type=\"widget\" data-widget_type=\"toggle.default\">\n\t\t\t\t<div class=\"elementor-widget-container\">\n\t\t\t<style>\/*! elementor - v3.18.0 - 20-12-2023 *\/\n.elementor-toggle{text-align:left}.elementor-toggle .elementor-tab-title{font-weight:700;line-height:1;margin:0;padding:15px;border-bottom:1px solid #d5d8dc;cursor:pointer;outline:none}.elementor-toggle .elementor-tab-title .elementor-toggle-icon{display:inline-block;width:1em}.elementor-toggle .elementor-tab-title .elementor-toggle-icon svg{margin-inline-start:-5px;width:1em;height:1em}.elementor-toggle .elementor-tab-title .elementor-toggle-icon.elementor-toggle-icon-right{float:right;text-align:right}.elementor-toggle .elementor-tab-title .elementor-toggle-icon.elementor-toggle-icon-left{float:left;text-align:left}.elementor-toggle .elementor-tab-title .elementor-toggle-icon .elementor-toggle-icon-closed{display:block}.elementor-toggle .elementor-tab-title .elementor-toggle-icon .elementor-toggle-icon-opened{display:none}.elementor-toggle .elementor-tab-title.elementor-active{border-bottom:none}.elementor-toggle .elementor-tab-title.elementor-active .elementor-toggle-icon-closed{display:none}.elementor-toggle .elementor-tab-title.elementor-active .elementor-toggle-icon-opened{display:block}.elementor-toggle .elementor-tab-content{padding:15px;border-bottom:1px solid #d5d8dc;display:none}@media (max-width:767px){.elementor-toggle .elementor-tab-title{padding:12px}.elementor-toggle .elementor-tab-content{padding:12px 10px}}.e-con-inner>.elementor-widget-toggle,.e-con>.elementor-widget-toggle{width:var(--container-widget-width);--flex-grow:var(--container-widget-flex-grow)}<\/style>\t\t<div class=\"elementor-toggle\">\n\t\t\t\t\t\t\t<div class=\"elementor-toggle-item\">\n\t\t\t\t\t<div id=\"elementor-tab-title-2011\" class=\"elementor-tab-title\" data-tab=\"1\" role=\"button\" aria-controls=\"elementor-tab-content-2011\" aria-expanded=\"false\">\n\t\t\t\t\t\t\t\t\t\t\t\t<span class=\"elementor-toggle-icon elementor-toggle-icon-left\" aria-hidden=\"true\">\n\t\t\t\t\t\t\t\t\t\t\t\t\t\t\t<span class=\"elementor-toggle-icon-closed\"><svg class=\"e-font-icon-svg e-fas-caret-right\" viewBox=\"0 0 192 512\" xmlns=\"http:\/\/www.w3.org\/2000\/svg\"><path d=\"M0 384.662V127.338c0-17.818 21.543-26.741 34.142-14.142l128.662 128.662c7.81 7.81 7.81 20.474 0 28.284L34.142 398.804C21.543 411.404 0 402.48 0 384.662z\"><\/path><\/svg><\/span>\n\t\t\t\t\t\t\t\t<span class=\"elementor-toggle-icon-opened\"><svg class=\"elementor-toggle-icon-opened e-font-icon-svg e-fas-caret-up\" viewBox=\"0 0 320 512\" xmlns=\"http:\/\/www.w3.org\/2000\/svg\"><path d=\"M288.662 352H31.338c-17.818 0-26.741-21.543-14.142-34.142l128.662-128.662c7.81-7.81 20.474-7.81 28.284 0l128.662 128.662c12.6 12.599 3.676 34.142-14.142 34.142z\"><\/path><\/svg><\/span>\n\t\t\t\t\t\t\t\t\t\t\t\t\t<\/span>\n\t\t\t\t\t\t\t\t\t\t\t\t<a class=\"elementor-toggle-title\" tabindex=\"0\">Lire plus<\/a>\n\t\t\t\t\t<\/div>\n\n\t\t\t\t\t<div id=\"elementor-tab-content-2011\" class=\"elementor-tab-content elementor-clearfix\" data-tab=\"1\" role=\"region\" aria-labelledby=\"elementor-tab-title-2011\"><p class=\"p1\"><b>Conditions<\/b><\/p><p class=\"p2\">\u2022 <span class=\"Apple-converted-space\">\u00a0 <\/span>Certificat de comp\u00e9tences linguistiques en allemand B1\/B2.<\/p><p class=\"p1\">\u2022 <span class=\"Apple-converted-space\">\u00a0 <\/span>Contrat de formation professionelle.<\/p><p class=\"p3\"><b>Processus de demande de visa<\/b><\/p><p class=\"p4\">Si vous remplissez les conditions mentionn\u00e9es, vous pouvez commencer le processus de visa. Lors de la demande de visa de formation professionelle \u00e0 l&rsquo;ambassade d&rsquo;Allemagne \u00e0 Rabat, les documents suivants sont requis:<\/p><p class=\"p5\">\u2022 <span class=\"Apple-converted-space\">\u00a0 <\/span>Prise de rendez-vous en ligne.<\/p><p class=\"p5\">\u2022 <span class=\"Apple-converted-space\">\u00a0 <\/span>Formulaire de demande de visa rempli.<\/p><p class=\"p5\">\u2022 <span class=\"Apple-converted-space\">\u00a0 <\/span>Passeport et pi\u00e8ce d&rsquo;identit\u00e9 valables et photos biom\u00e9triques r\u00e9centes.<\/p><p class=\"p5\">\u2022 <span class=\"Apple-converted-space\">\u00a0 <\/span>Preuve d&rsquo;assurance maladie<\/p><ul class=\"ul1\"><li class=\"li6\"><span class=\"s2\">Preuve des r\u00e9sultats des comp\u00e9tences linguistiques<\/span><\/li><li class=\"li6\">Contrat de formation professionelle<\/li><li class=\"li6\"><span class=\"s2\">Curriculum vitae (CV)<\/span><\/li><li class=\"li6\"><span class=\"s2\">Lettre de motivation (une seule page)<\/span><\/li><li class=\"li6\"><span class=\"s2\">Frais de dossier 75 euros (ou en DH)<\/span><\/li><li class=\"li6\"><span class=\"s2\">Justificatif de subsistance (l\u2019apprenti doit disposer de 955 EUR\/mois brut.)<\/span><\/li><\/ul><p class=\"p7\">Si vous obtenez le visa, vous pouvez vous attendre \u00e0 un nouveau chapitre de votre vie.<\/p><p class=\"p8\">En tant qu&rsquo;apprenti, vous n&rsquo;aurez aucun souci financier car vous recevrez un salaire mensuel de votre employeur. En plus de la formation professionelle, vous avez le droit de travailler jusqu&rsquo;\u00e0 10 heures par semaine.<\/p><p class=\"p9\"><span class=\"s3\"><b>2 &#8211; Travail pour la main d\u2019oeuvre qualifi\u00e9e<\/b><\/span><\/p><p class=\"p10\">La main d\u2019oeuvre qualifi\u00e9e garanti la comp\u00e9titivit\u00e9, la croissance et la prosp\u00e9rit\u00e9. Malheureusement, ces derni\u00e8res ann\u00e9es, il y a eu un manque croissant de sp\u00e9cialistes qualifi\u00e9s, en particulier dans le sud et le nord-ouest de l&rsquo;Allemagne. En 2020, pr\u00e8s de 1.000 000 de postes n&rsquo;ont pu \u00eatre occup\u00e9s. Les secteurs les plus touch\u00e9s sont la sant\u00e9, l\u2019informatique, la technologie et les sciences naturelles. Cette p\u00e9nurie est due au vieillissement de la soci\u00e9t\u00e9 (21 millions de retrait\u00e9s), \u00e0 l&rsquo;\u00e9volution d\u00e9mographique de la population (taux de natalit\u00e9 en 2020 \u00e0 1,53 enfant par femme) et aux ch\u00f4meurs non qualifi\u00e9s. Selon les projections actuelles, le nombre de personnes en \u00e2ge de travailler entre 20 et 65 ans diminuera de 3,9 millions d&rsquo;ici 2030.<\/p><p class=\"p10\">Au vu de ces \u00e9volutions, la s\u00e9curisation des besoins en main-d&rsquo;\u0153uvre qualifi\u00e9e est l&rsquo;un des d\u00e9fis majeurs des ann\u00e9es \u00e0 venir pour les acteurs politiques, \u00e9conomiques et scientifiques. Pour pallier ce besoin, le gouvernement f\u00e9d\u00e9ral a mis en vigueur de nouvelles r\u00e8gles pour l&rsquo;immigration de travailleurs qualifi\u00e9s le 1er mars 2020. La loi nouvellement promulgu\u00e9e \u00e9largit les possibilit\u00e9s pour les employ\u00e9s qualifi\u00e9s des pays non membres de l&rsquo;UE de venir en Allemagne pour la reprise d\u2019un travail. La main d\u2019ouvre qualifi\u00e9e au Maroc, par exemple, peut d\u00e9sormais trouver un emploi en Allemagne. Pour ce faire, certaines conditions doivent \u00eatre remplies.<\/p><p class=\"p1\"><b>Conditions<\/b><\/p><p class=\"p2\">\u2022 Certificat de comp\u00e9tences linguistiques en allemand B1, de pr\u00e9f\u00e9rence B2.<\/p><p class=\"p2\">\u2022 Contrat de travail<\/p><p class=\"p2\">\u2022 Dipl\u00f4me universitaire allemand ou dipl\u00f4me universitaire \u00e9tranger reconnu comparable \u00e0<\/p><p class=\"p1\"><span class=\"Apple-converted-space\">\u00a0\u00a0 <\/span>un dipl\u00f4me universitaire allemand.<\/p><p class=\"p1\"><b>Processus de demande de visa<\/b><\/p><p class=\"p1\">Si vous remplissez les conditions ci-dessus, vous pouvez commencer le processus de visa. Lors de la demande de visa pour la main d\u2019oeuvre hautement qualifi\u00e9e aupr\u00e8s de l&rsquo;ambassade d&rsquo;Allemagne \u00e0 Rabat, les documents suivants sont requis:<\/p><p class=\"p2\">\u2022 Prise de rendez-vous en ligne.<\/p><p class=\"p2\">\u2022 Formulaire de demande de visa rempli.<\/p><p class=\"p2\">\u2022 Passeport et pi\u00e8ce d&rsquo;identit\u00e9 valides et photos biom\u00e9triques r\u00e9centes.<\/p><p class=\"p2\">\u2022 Preuve d&rsquo;assurance maladie<\/p><p class=\"p2\">\u2022 Preuve de comp\u00e9tences linguistiques ant\u00e9rieures<\/p><p class=\"p2\">\u2022 Contrat de travail<\/p><p class=\"p2\">\u2022 Dipl\u00f4me universitaire allemand ou dipl\u00f4me universitaire \u00e9tranger reconnu comparable \u00e0<span class=\"Apple-converted-space\">\u00a0<\/span><\/p><p class=\"p2\"><span class=\"Apple-converted-space\">\u00a0\u00a0 <\/span>un dipl\u00f4me universitaire allemand.<\/p><p class=\"p2\">\u2022 Curriculum vitae sur la carri\u00e8re professionnelle, avec certificats, dipl\u00f4mes, etc.<\/p><p class=\"p2\">\u2022 Lettre de motivation (une seule page)<\/p><p class=\"p1\">\u2022 Frais de dossier 75 euros (ou en DH)<\/p><p class=\"p9\"><span class=\"s3\"><b>3 &#8211; La proc\u00e9dure acc\u00e9l\u00e9r\u00e9e pour la main d\u2019oeuvre qualifi\u00e9e<\/b><\/span><\/p><p class=\"p1\">Si vous avez trouv\u00e9 un employeur (formation ou travail), vous pouvez l&rsquo;autoriser \u00e0 solliciter pour vous une proc\u00e9dure acc\u00e9l\u00e9r\u00e9e d&rsquo;ouvrier qualifi\u00e9 aupr\u00e8s de l&rsquo;office des \u00e9trangers du lieu o\u00f9 vous travaillerez \u00e0 l&rsquo;avenir. L&rsquo;office des \u00e9trangers conseille votre futur employeur et l&rsquo;aide \u00e0 demander la reconnaissance de votre dipl\u00f4me \u00e9tranger. Elle obtient l&rsquo;agr\u00e9ment de l&rsquo;agence f\u00e9d\u00e9rale pour l&#8217;emploi. Il y a des frais de 411 euros et des frais pour la reconnaissance de la qualification. Si toutes les conditions qui peuvent \u00eatre v\u00e9rifi\u00e9es en Allemagne sont remplies, l&rsquo;office des \u00e9trangers vous donnera une approbation pr\u00e9liminaire, que votre employeur vous enverra. Une fois que vous avez re\u00e7u l&rsquo;approbation pr\u00e9alable, vous pouvez prendre rendez-vous pour demander le visa \u00e0 l&rsquo;ambassade \u00e0 Rabat (TLS), qui doit avoir lieu dans les trois semaines. Vous devez apporter l&rsquo;original de l&rsquo;approbation pr\u00e9alable ainsi que d&rsquo;autres documents \u00e0 ce rendez-vous.<\/p><p class=\"p1\">La proc\u00e9dure acc\u00e9l\u00e9r\u00e9e pour la main d\u2019oeuvre qualifi\u00e9e peut \u00eatre utilis\u00e9e par les groupes suivants<\/p><p class=\"p2\">\u2022 Sp\u00e9cialistes avec formation professionnelle<\/p><p class=\"p2\">\u2022 Formation professionnelle<\/p><p class=\"p2\">\u2022 Cadres<\/p><p class=\"p2\">\u2022 Professionnels ayant une formation universitaire<\/p><p class=\"p2\">\u2022 Les personnes hautement qualifi\u00e9es<\/p><p class=\"p2\">\u2022 Chercheurs\/scientifiques<\/p><p class=\"p1\">\u2022 Mesures de reconnaissance des qualifications professionnelles \u00e9trang\u00e8res<\/p><p class=\"p9\"><span class=\"s3\"><b>Liens utiles<\/b><\/span><b>:<\/b><\/p><p class=\"p2\"><a href=\"http:\/\/www.ausbildung.de\">www.ausbildung.de<\/a><\/p><p class=\"p2\"><a href=\"http:\/\/www.make-it-in-germany.com\">www.make-it-in-germany.com<\/a><\/p><p class=\"p2\"><a href=\"http:\/\/www.anerkennung-in-deutschland.de\">www.anerkennung-in-deutschland.de<\/a><\/p><p class=\"p1\">www.kofa.de<\/p><\/div>\n\t\t\t\t<\/div>\n\t\t\t\t\t\t\t\t<\/div>\n\t\t\t\t<\/div>\n\t\t\t\t<\/div>\n\t\t\t\t\t<\/div>\n\t\t\t\t<\/div>\n\t\t\t\t\t\t\t<\/div>\n\t\t","protected":false},"excerpt":{"rendered":"<p>1 &#8211; Formation professionelle En Allemagne, environ 1,3 million d\u2019apprentis ont commenc\u00e9 une formation professionelle en 2020. Les principaux m\u00e9tiers [&hellip;]<\/p>\n","protected":false},"author":1,"featured_media":0,"parent":0,"menu_order":0,"comment_status":"closed","ping_status":"closed","template":"","meta":{"site-sidebar-layout":"no-sidebar","site-content-layout":"","ast-site-content-layout":"full-width-container","site-content-style":"default","site-sidebar-style":"default","ast-global-header-display":"","ast-banner-title-visibility":"","ast-main-header-display":"","ast-hfb-above-header-display":"","ast-hfb-below-header-display":"","ast-hfb-mobile-header-display":"","site-post-title":"disabled","ast-breadcrumbs-content":"","ast-featured-img":"disabled","footer-sml-layout":"","theme-transparent-header-meta":"","adv-header-id-meta":"","stick-header-meta":"","header-above-stick-meta":"","header-main-stick-meta":"","header-below-stick-meta":"","astra-migrate-meta-layouts":"default","ast-page-background-enabled":"default","ast-page-background-meta":{"desktop":{"background-color":"var(--ast-global-color-4)","background-image":"","background-repeat":"repeat","background-position":"center center","background-size":"auto","background-attachment":"scroll","background-type":"","background-media":"","overlay-type":"","overlay-color":"","overlay-gradient":""},"tablet":{"background-color":"","background-image":"","background-repeat":"repeat","background-position":"center center","background-size":"auto","background-attachment":"scroll","background-type":"","background-media":"","overlay-type":"","overlay-color":"","overlay-gradient":""},"mobile":{"background-color":"","background-image":"","background-repeat":"repeat","background-position":"center center","background-size":"auto","background-attachment":"scroll","background-type":"","background-media":"","overlay-type":"","overlay-color":"","overlay-gradient":""}},"ast-content-background-meta":{"desktop":{"background-color":"var(--ast-global-color-5)","background-image":"","background-repeat":"repeat","background-position":"center center","background-size":"auto","background-attachment":"scroll","background-type":"","background-media":"","overlay-type":"","overlay-color":"","overlay-gradient":""},"tablet":{"background-color":"var(--ast-global-color-5)","background-image":"","background-repeat":"repeat","background-position":"center center","background-size":"auto","background-attachment":"scroll","background-type":"","background-media":"","overlay-type":"","overlay-color":"","overlay-gradient":""},"mobile":{"background-color":"var(--ast-global-color-5)","background-image":"","background-repeat":"repeat","background-position":"center center","background-size":"auto","background-attachment":"scroll","background-type":"","background-media":"","overlay-type":"","overlay-color":"","overlay-gradient":""}},"footnotes":""},"class_list":["post-241","page","type-page","status-publish","hentry"],"_links":{"self":[{"href":"https:\/\/aktiv-deutsch.ma\/index.php?rest_route=\/wp\/v2\/pages\/241","targetHints":{"allow":["GET"]}}],"collection":[{"href":"https:\/\/aktiv-deutsch.ma\/index.php?rest_route=\/wp\/v2\/pages"}],"about":[{"href":"https:\/\/aktiv-deutsch.ma\/index.php?rest_route=\/wp\/v2\/types\/page"}],"author":[{"embeddable":true,"href":"https:\/\/aktiv-deutsch.ma\/index.php?rest_route=\/wp\/v2\/users\/1"}],"replies":[{"embeddable":true,"href":"https:\/\/aktiv-deutsch.ma\/index.php?rest_route=%2Fwp%2Fv2%2Fcomments&post=241"}],"version-history":[{"count":4,"href":"https:\/\/aktiv-deutsch.ma\/index.php?rest_route=\/wp\/v2\/pages\/241\/revisions"}],"predecessor-version":[{"id":249,"href":"https:\/\/aktiv-deutsch.ma\/index.php?rest_route=\/wp\/v2\/pages\/241\/revisions\/249"}],"wp:attachment":[{"href":"https:\/\/aktiv-deutsch.ma\/index.php?rest_route=%2Fwp%2Fv2%2Fmedia&parent=241"}],"curies":[{"name":"wp","href":"https:\/\/api.w.org\/{rel}","templated":true}]}}