{"id":143,"date":"2024-01-27T11:38:32","date_gmt":"2024-01-27T11:38:32","guid":{"rendered":"https:\/\/aktiv-deutsch.ma\/?page_id=143"},"modified":"2024-01-28T15:52:35","modified_gmt":"2024-01-28T15:52:35","slug":"inscription","status":"publish","type":"page","link":"https:\/\/aktiv-deutsch.ma\/?page_id=143","title":{"rendered":"Inscription"},"content":{"rendered":"\t\t<div data-elementor-type=\"wp-page\" data-elementor-id=\"143\" class=\"elementor elementor-143\">\n\t\t\t\t\t\t\t<div class=\"elementor-element elementor-element-1a379c4 e-flex e-con-boxed e-con e-parent\" data-id=\"1a379c4\" data-element_type=\"container\" data-settings=\"{&quot;background_background&quot;:&quot;classic&quot;,&quot;content_width&quot;:&quot;boxed&quot;}\" data-core-v316-plus=\"true\">\n\t\t\t\t\t<div class=\"e-con-inner\">\n\t\t\t\t<div class=\"elementor-element elementor-element-5ebbaa8 elementor-widget elementor-widget-spacer\" data-id=\"5ebbaa8\" data-element_type=\"widget\" data-widget_type=\"spacer.default\">\n\t\t\t\t<div class=\"elementor-widget-container\">\n\t\t\t<style>\/*! elementor - v3.18.0 - 20-12-2023 *\/\n.elementor-column .elementor-spacer-inner{height:var(--spacer-size)}.e-con{--container-widget-width:100%}.e-con-inner>.elementor-widget-spacer,.e-con>.elementor-widget-spacer{width:var(--container-widget-width,var(--spacer-size));--align-self:var(--container-widget-align-self,initial);--flex-shrink:0}.e-con-inner>.elementor-widget-spacer>.elementor-widget-container,.e-con>.elementor-widget-spacer>.elementor-widget-container{height:100%;width:100%}.e-con-inner>.elementor-widget-spacer>.elementor-widget-container>.elementor-spacer,.e-con>.elementor-widget-spacer>.elementor-widget-container>.elementor-spacer{height:100%}.e-con-inner>.elementor-widget-spacer>.elementor-widget-container>.elementor-spacer>.elementor-spacer-inner,.e-con>.elementor-widget-spacer>.elementor-widget-container>.elementor-spacer>.elementor-spacer-inner{height:var(--container-widget-height,var(--spacer-size))}.e-con-inner>.elementor-widget-spacer.elementor-widget-empty,.e-con>.elementor-widget-spacer.elementor-widget-empty{position:relative;min-height:22px;min-width:22px}.e-con-inner>.elementor-widget-spacer.elementor-widget-empty .elementor-widget-empty-icon,.e-con>.elementor-widget-spacer.elementor-widget-empty .elementor-widget-empty-icon{position:absolute;top:0;bottom:0;left:0;right:0;margin:auto;padding:0;width:22px;height:22px}<\/style>\t\t<div class=\"elementor-spacer\">\n\t\t\t<div class=\"elementor-spacer-inner\"><\/div>\n\t\t<\/div>\n\t\t\t\t<\/div>\n\t\t\t\t<\/div>\n\t\t\t\t<div class=\"elementor-element elementor-element-5315682 elementor-widget elementor-widget-heading\" data-id=\"5315682\" data-element_type=\"widget\" data-widget_type=\"heading.default\">\n\t\t\t\t<div class=\"elementor-widget-container\">\n\t\t\t<style>\/*! elementor - v3.18.0 - 20-12-2023 *\/\n.elementor-heading-title{padding:0;margin:0;line-height:1}.elementor-widget-heading .elementor-heading-title[class*=elementor-size-]>a{color:inherit;font-size:inherit;line-height:inherit}.elementor-widget-heading .elementor-heading-title.elementor-size-small{font-size:15px}.elementor-widget-heading .elementor-heading-title.elementor-size-medium{font-size:19px}.elementor-widget-heading .elementor-heading-title.elementor-size-large{font-size:29px}.elementor-widget-heading .elementor-heading-title.elementor-size-xl{font-size:39px}.elementor-widget-heading .elementor-heading-title.elementor-size-xxl{font-size:59px}<\/style><h2 class=\"elementor-heading-title elementor-size-default\">Prenez le contr\u00f4le de votre avenir !\n<\/h2>\t\t<\/div>\n\t\t\t\t<\/div>\n\t\t\t\t<div class=\"elementor-element elementor-element-9174fb2 elementor-widget elementor-widget-heading\" data-id=\"9174fb2\" data-element_type=\"widget\" data-widget_type=\"heading.default\">\n\t\t\t\t<div class=\"elementor-widget-container\">\n\t\t\t<h2 class=\"elementor-heading-title elementor-size-default\">Inscrivez-vous d\u00e8s maintenant pour passer votre examen <br>et d\u00e9crocher votre certificat avec succ\u00e8s!<\/h2>\t\t<\/div>\n\t\t\t\t<\/div>\n\t\t\t\t\t<\/div>\n\t\t\t\t<\/div>\n\t\t<div class=\"elementor-element elementor-element-3d96667 e-flex e-con-boxed e-con e-parent\" data-id=\"3d96667\" data-element_type=\"container\" data-settings=\"{&quot;content_width&quot;:&quot;boxed&quot;}\" data-core-v316-plus=\"true\">\n\t\t\t\t\t<div class=\"e-con-inner\">\n\t\t\t\t<div class=\"elementor-element elementor-element-3309baa elementor-widget elementor-widget-spacer\" data-id=\"3309baa\" data-element_type=\"widget\" data-widget_type=\"spacer.default\">\n\t\t\t\t<div class=\"elementor-widget-container\">\n\t\t\t\t\t<div class=\"elementor-spacer\">\n\t\t\t<div class=\"elementor-spacer-inner\"><\/div>\n\t\t<\/div>\n\t\t\t\t<\/div>\n\t\t\t\t<\/div>\n\t\t\t\t<div class=\"elementor-element elementor-element-b6b4eb7 elementor-widget elementor-widget-eael-fancy-text\" data-id=\"b6b4eb7\" data-element_type=\"widget\" data-widget_type=\"eael-fancy-text.default\">\n\t\t\t\t<div class=\"elementor-widget-container\">\n\t\t\t\n\t<div  class=\"eael-fancy-text-container style-1\" data-fancy-text-id=\"b6b4eb7\" data-fancy-text=\"|Inscrivez-vous\" data-fancy-text-transition-type=\"typing\" data-fancy-text-speed=\"50\" data-fancy-text-delay=\"2500\" data-fancy-text-cursor=\"yes\" data-fancy-text-loop=\"yes\" >\n\t\t\t\t\t<span class=\"eael-fancy-text-prefix\">__ <\/span>\n\t\t\n\t\t\n\t\t\t\t\t<span id=\"eael-fancy-text-b6b4eb7\" class=\"eael-fancy-text-strings solid-color\">\n\t\t\t\t<noscript>\n\t\t\t\t\tInscrivez-vous\t\t\t\t<\/noscript>\n\t\t\t<\/span>\n\t\t\n\t\t\t<\/div><!-- close .eael-fancy-text-container -->\n\n\t<div class=\"clearfix\"><\/div>\n\n\t\t\t<\/div>\n\t\t\t\t<\/div>\n\t\t\t\t<div class=\"elementor-element elementor-element-769715e elementor-widget elementor-widget-spacer\" data-id=\"769715e\" data-element_type=\"widget\" data-widget_type=\"spacer.default\">\n\t\t\t\t<div class=\"elementor-widget-container\">\n\t\t\t\t\t<div class=\"elementor-spacer\">\n\t\t\t<div class=\"elementor-spacer-inner\"><\/div>\n\t\t<\/div>\n\t\t\t\t<\/div>\n\t\t\t\t<\/div>\n\t\t\t\t\t<\/div>\n\t\t\t\t<\/div>\n\t\t<div class=\"elementor-element elementor-element-567f40a e-flex e-con-boxed e-con e-parent\" data-id=\"567f40a\" data-element_type=\"container\" data-settings=\"{&quot;content_width&quot;:&quot;boxed&quot;}\" data-core-v316-plus=\"true\">\n\t\t\t\t\t<div class=\"e-con-inner\">\n\t\t\t\t<div class=\"elementor-element elementor-element-5911e45 elementor-widget elementor-widget-ucaddon_contact_form_7\" data-id=\"5911e45\" data-element_type=\"widget\" data-widget_type=\"ucaddon_contact_form_7.default\">\n\t\t\t\t<div class=\"elementor-widget-container\">\n\t\t\t\n<!-- start Contact Form 7 -->\n<style>\/* widget: Contact Form 7 *\/\n\n#uc_contact_form_7_elementor_5911e45 {\n  display: flex;  \n  flex-direction: column;\n}\n#uc_contact_form_7_elementor_5911e45 .wpcf7-list-item {\n    margin: 0 0 0 8px;\n}\n\n#uc_contact_form_7_elementor_5911e45 .wpcf7-form p:has(.wpcf7-submit){\n  display:flex;\n  flex-wrap: wrap;\n}\n\n#uc_contact_form_7_elementor_5911e45 .ue_contact_form_7 label{\n  display: block;\n}\n\n#uc_contact_form_7_elementor_5911e45 .wpcf7-checkbox, #uc_contact_form_7_elementor_5911e45 .wpcf7-radio{\n  display:flex;\n  flex-wrap: wrap;\n}\n\n#uc_contact_form_7_elementor_5911e45 .wpcf7-form-control-wrap{\n  display:flex;\n  width:100%;\n  flex-wrap: wrap;\n}\n\n\n#uc_contact_form_7_elementor_5911e45 .wpcf7-checkbox .wpcf7-list-item-label{\n  display: flex;\n  align-items: center;\n}\n#uc_contact_form_7_elementor_5911e45 .wpcf7-checkbox input{\n  position: absolute;\n  opacity: 0;\n}\n#uc_contact_form_7_elementor_5911e45 .wpcf7-checkbox input + .wpcf7-list-item-label{\n  position: relative;\n  cursor: pointer;\n  padding: 0;\n}\n#uc_contact_form_7_elementor_5911e45 .wpcf7-checkbox input + .wpcf7-list-item-label:before{\n  content: \"\";\n  display: inline-block;\n  vertical-align: text-top;\n  transition-duration: 300ms;\n}\n\n#uc_contact_form_7_elementor_5911e45 .wpcf7-checkbox input:checked + .wpcf7-list-item-label:after {\n  content: \"\";\n  position: absolute;\n  width:2px;\n  height:2px;\n  background: #FFFFFF;\n  box-shadow: 2px 0 0 #FFFFFF, 4px 0 0 #FFFFFF, 4px -2px 0 #FFFFFF, 4px -4px 0 #FFFFFF, 4px -6px 0 #FFFFFF, 4px -8px 0 #FFFFFF;\n  transform: rotate(45deg);\n}\n\n#uc_contact_form_7_elementor_5911e45 .wpcf7-radio *{\n  transition: 300ms;\n}\n#uc_contact_form_7_elementor_5911e45 .wpcf7-radio .wpcf7-list-item-label{\n  display: flex;\n  align-items: center;\n}\n#uc_contact_form_7_elementor_5911e45 .wpcf7-radio input{\n  position: absolute;\n  opacity: 0;\n}\n#uc_contact_form_7_elementor_5911e45 .wpcf7-radio input + .wpcf7-list-item-label{\n  position: relative;\n  cursor: pointer;\n  padding: 0;\n}\n#uc_contact_form_7_elementor_5911e45 .wpcf7-radio input + .wpcf7-list-item-label:before{\n  content: \"\";\n  display: inline-block;\n  vertical-align: text-top;\n  transition-duration: 300ms;\n}\n\n#uc_contact_form_7_elementor_5911e45 .wpcf7-radio input:checked + .wpcf7-list-item-label:after {\n  content: \"\";\n  transform: translate(-50%);\n  position: absolute;\n  border-radius:50%;\n}\n\n\n.ue_contact_form_7 p > label{\n  line-height: inherit;\n}\n\n<\/style>\n\n<div id=\"uc_contact_form_7_elementor_5911e45\" class=\"ue_contact_form_7\">\n  <div class=\"ue_form_wrapper\">\n            \n    \n<div class=\"wpcf7 no-js\" id=\"wpcf7-f145-o1\" lang=\"fr-FR\" dir=\"ltr\">\n<div class=\"screen-reader-response\"><p role=\"status\" aria-live=\"polite\" aria-atomic=\"true\"><\/p> <ul><\/ul><\/div>\n<form action=\"\/index.php?rest_route=%2Fwp%2Fv2%2Fpages%2F143#wpcf7-f145-o1\" method=\"post\" class=\"wpcf7-form init\" aria-label=\"Formulaire de contact\" enctype=\"multipart\/form-data\" novalidate=\"novalidate\" data-status=\"init\">\n<div style=\"display: none;\">\n<input type=\"hidden\" name=\"_wpcf7\" value=\"145\" \/>\n<input type=\"hidden\" name=\"_wpcf7_version\" value=\"5.9.4\" \/>\n<input type=\"hidden\" name=\"_wpcf7_locale\" value=\"fr_FR\" \/>\n<input type=\"hidden\" name=\"_wpcf7_unit_tag\" value=\"wpcf7-f145-o1\" \/>\n<input type=\"hidden\" name=\"_wpcf7_container_post\" value=\"0\" \/>\n<input type=\"hidden\" name=\"_wpcf7_posted_data_hash\" value=\"\" \/>\n<\/div>\n<p><span class=\"wpcf7-form-control-wrap\" data-name=\"Titel\"><span class=\"wpcf7-form-control wpcf7-radio\"><span class=\"wpcf7-list-item first\"><label><input type=\"radio\" name=\"Titel\" value=\"Mr\" checked=\"checked\" \/><span class=\"wpcf7-list-item-label\">Mr<\/span><\/label><\/span><span class=\"wpcf7-list-item last\"><label><input type=\"radio\" name=\"Titel\" value=\"Mme\" \/><span class=\"wpcf7-list-item-label\">Mme<\/span><\/label><\/span><\/span><\/span><br \/>\n<label> Nom et pr\u00e9nom<br \/>\n<span class=\"wpcf7-form-control-wrap\" data-name=\"your-name\"><input size=\"40\" class=\"wpcf7-form-control wpcf7-text wpcf7-validates-as-required\" autocomplete=\"name\" aria-required=\"true\" aria-invalid=\"false\" value=\"\" type=\"text\" name=\"your-name\" \/><\/span> <\/label>\n<\/p>\n<p><label> Date de naissance: <span class=\"wpcf7-form-control-wrap\" data-name=\"geburtsdatum\"><input class=\"wpcf7-form-control wpcf7-date wpcf7-validates-as-required wpcf7-validates-as-date\" aria-required=\"true\" aria-invalid=\"false\" value=\"\" type=\"date\" name=\"geburtsdatum\" \/><\/span> <\/label><br \/>\n<label> Lieu de naissance: <span class=\"wpcf7-form-control-wrap\" data-name=\"ort\"><input size=\"40\" class=\"wpcf7-form-control wpcf7-text wpcf7-validates-as-required\" aria-required=\"true\" aria-invalid=\"false\" value=\"\" type=\"text\" name=\"ort\" \/><\/span> <\/label><br \/>\n<label> Nationalit\u00e9: <span class=\"wpcf7-form-control-wrap\" data-name=\"nationality\"><input size=\"40\" class=\"wpcf7-form-control wpcf7-text wpcf7-validates-as-required\" aria-required=\"true\" aria-invalid=\"false\" value=\"\" type=\"text\" name=\"nationality\" \/><\/span> <\/label><br \/>\n<label> Adresse <span class=\"wpcf7-form-control-wrap\" data-name=\"adresse\"><textarea cols=\"40\" rows=\"10\" class=\"wpcf7-form-control wpcf7-textarea wpcf7-validates-as-required\" aria-required=\"true\" aria-invalid=\"false\" name=\"adresse\"><\/textarea><\/span> <\/label><br \/>\n<label> code postale: <span class=\"wpcf7-form-control-wrap\" data-name=\"codepostale\"><input class=\"wpcf7-form-control wpcf7-number wpcf7-validates-as-required wpcf7-validates-as-number\" aria-required=\"true\" aria-invalid=\"false\" value=\"\" type=\"number\" name=\"codepostale\" \/><\/span> <\/label><br \/>\n<label> Ville: <span class=\"wpcf7-form-control-wrap\" data-name=\"stadt\"><input size=\"40\" class=\"wpcf7-form-control wpcf7-text wpcf7-validates-as-required\" aria-required=\"true\" aria-invalid=\"false\" value=\"\" type=\"text\" name=\"stadt\" \/><\/span> <\/label><br \/>\n<label> Pays: <span class=\"wpcf7-form-control-wrap\" data-name=\"land\"><input size=\"40\" class=\"wpcf7-form-control wpcf7-text wpcf7-validates-as-required\" aria-required=\"true\" aria-invalid=\"false\" value=\"\" type=\"text\" name=\"land\" \/><\/span> <\/label><br \/>\n<label> Tel: <span class=\"wpcf7-form-control-wrap\" data-name=\"phone\"><input size=\"40\" class=\"wpcf7-form-control wpcf7-tel wpcf7-validates-as-required wpcf7-text wpcf7-validates-as-tel\" aria-required=\"true\" aria-invalid=\"false\" value=\"\" type=\"tel\" name=\"phone\" \/><\/span> <\/label><br \/>\n<label> E-mail<br \/>\n<span class=\"wpcf7-form-control-wrap\" data-name=\"your-email\"><input size=\"40\" class=\"wpcf7-form-control wpcf7-email wpcf7-validates-as-required wpcf7-text wpcf7-validates-as-email\" autocomplete=\"email\" aria-required=\"true\" aria-invalid=\"false\" value=\"\" type=\"email\" name=\"your-email\" \/><\/span> <\/label><br \/>\n<label> <span class=\"wpcf7-form-control-wrap\" data-name=\"menu-963\"><select class=\"wpcf7-form-control wpcf7-select wpcf7-validates-as-required\" aria-required=\"true\" aria-invalid=\"false\" name=\"menu-963\"><option value=\"TELC\">TELC<\/option><option value=\"\u00d6SD\">\u00d6SD<\/option><option value=\"ECL\">ECL<\/option><\/select><\/span> <\/label><br \/>\n<span class=\"wpcf7-form-control-wrap\" data-name=\"level\"><span class=\"wpcf7-form-control wpcf7-checkbox wpcf7-validates-as-required\"><span class=\"wpcf7-list-item first\"><label><input type=\"checkbox\" name=\"level[]\" value=\"B1\" \/><span class=\"wpcf7-list-item-label\">B1<\/span><\/label><\/span><span class=\"wpcf7-list-item last\"><label><input type=\"checkbox\" name=\"level[]\" value=\"B2\" \/><span class=\"wpcf7-list-item-label\">B2<\/span><\/label><\/span><\/span><\/span><br \/>\n<label>T\u00e9l\u00e9charger votre attestation B1\/B2<br \/>\n<span class=\"wpcf7-form-control-wrap\" data-name=\"attestation\"><input size=\"40\" class=\"wpcf7-form-control wpcf7-file wpcf7-validates-as-required\" accept=\".pdf\" aria-required=\"true\" aria-invalid=\"false\" type=\"file\" name=\"attestation\" \/><\/span><br \/>\n<\/label>\n<\/p>\n<p><span class=\"wpcf7-form-control-wrap\" data-name=\"checkbox-402\"><span class=\"wpcf7-form-control wpcf7-checkbox wpcf7-validates-as-required wpcf7-exclusive-checkbox\"><span class=\"wpcf7-list-item first\"><label><input type=\"checkbox\" name=\"checkbox-402\" value=\"oral et \u00e9crit\" \/><span class=\"wpcf7-list-item-label\">oral et \u00e9crit<\/span><\/label><\/span><span class=\"wpcf7-list-item\"><label><input type=\"checkbox\" name=\"checkbox-402\" value=\"oral seulement\" \/><span class=\"wpcf7-list-item-label\">oral seulement<\/span><\/label><\/span><span class=\"wpcf7-list-item last\"><label><input type=\"checkbox\" name=\"checkbox-402\" value=\"\u00e9crit seulement\" \/><span class=\"wpcf7-list-item-label\">\u00e9crit seulement<\/span><\/label><\/span><\/span><\/span><br \/>\n<label>T\u00e9l\u00e9charger votre carte d\u2019identit\u00e9 nationale<br \/>\n<span class=\"wpcf7-form-control-wrap\" data-name=\"cin\"><input size=\"40\" class=\"wpcf7-form-control wpcf7-file wpcf7-validates-as-required\" accept=\"audio\/*,video\/*,image\/*\" aria-required=\"true\" aria-invalid=\"false\" type=\"file\" name=\"cin\" \/><\/span> <\/label>\n<\/p>\n<p><label> Votre message (facultatif)<br \/>\n<span class=\"wpcf7-form-control-wrap\" data-name=\"your-message\"><textarea cols=\"40\" rows=\"10\" class=\"wpcf7-form-control wpcf7-textarea\" aria-invalid=\"false\" name=\"your-message\"><\/textarea><\/span> <\/label>\n<\/p>\n<p><input class=\"wpcf7-form-control wpcf7-submit has-spinner\" type=\"submit\" value=\"Envoyer\" \/>\n<\/p><div class=\"wpcf7-response-output\" aria-hidden=\"true\"><\/div>\n<\/form>\n<\/div>\n    \n  <\/div>\n<\/div>\n<!-- end Contact Form 7 -->\t\t<\/div>\n\t\t\t\t<\/div>\n\t\t\t\t\t<\/div>\n\t\t\t\t<\/div>\n\t\t\t\t\t\t\t<\/div>\n\t\t","protected":false},"excerpt":{"rendered":"<p>Prenez le contr\u00f4le de votre avenir ! Inscrivez-vous d\u00e8s maintenant pour passer votre examen et d\u00e9crocher votre certificat avec succ\u00e8s! [&hellip;]<\/p>\n","protected":false},"author":1,"featured_media":0,"parent":0,"menu_order":0,"comment_status":"closed","ping_status":"closed","template":"elementor_header_footer","meta":{"site-sidebar-layout":"no-sidebar","site-content-layout":"","ast-site-content-layout":"full-width-container","site-content-style":"default","site-sidebar-style":"default","ast-global-header-display":"","ast-banner-title-visibility":"","ast-main-header-display":"","ast-hfb-above-header-display":"","ast-hfb-below-header-display":"","ast-hfb-mobile-header-display":"","site-post-title":"disabled","ast-breadcrumbs-content":"","ast-featured-img":"disabled","footer-sml-layout":"","theme-transparent-header-meta":"","adv-header-id-meta":"","stick-header-meta":"","header-above-stick-meta":"","header-main-stick-meta":"","header-below-stick-meta":"","astra-migrate-meta-layouts":"default","ast-page-background-enabled":"default","ast-page-background-meta":{"desktop":{"background-color":"var(--ast-global-color-4)","background-image":"","background-repeat":"repeat","background-position":"center center","background-size":"auto","background-attachment":"scroll","background-type":"","background-media":"","overlay-type":"","overlay-color":"","overlay-gradient":""},"tablet":{"background-color":"","background-image":"","background-repeat":"repeat","background-position":"center center","background-size":"auto","background-attachment":"scroll","background-type":"","background-media":"","overlay-type":"","overlay-color":"","overlay-gradient":""},"mobile":{"background-color":"","background-image":"","background-repeat":"repeat","background-position":"center center","background-size":"auto","background-attachment":"scroll","background-type":"","background-media":"","overlay-type":"","overlay-color":"","overlay-gradient":""}},"ast-content-background-meta":{"desktop":{"background-color":"var(--ast-global-color-5)","background-image":"","background-repeat":"repeat","background-position":"center center","background-size":"auto","background-attachment":"scroll","background-type":"","background-media":"","overlay-type":"","overlay-color":"","overlay-gradient":""},"tablet":{"background-color":"var(--ast-global-color-5)","background-image":"","background-repeat":"repeat","background-position":"center center","background-size":"auto","background-attachment":"scroll","background-type":"","background-media":"","overlay-type":"","overlay-color":"","overlay-gradient":""},"mobile":{"background-color":"var(--ast-global-color-5)","background-image":"","background-repeat":"repeat","background-position":"center center","background-size":"auto","background-attachment":"scroll","background-type":"","background-media":"","overlay-type":"","overlay-color":"","overlay-gradient":""}},"footnotes":""},"class_list":["post-143","page","type-page","status-publish","hentry"],"_links":{"self":[{"href":"https:\/\/aktiv-deutsch.ma\/index.php?rest_route=\/wp\/v2\/pages\/143","targetHints":{"allow":["GET"]}}],"collection":[{"href":"https:\/\/aktiv-deutsch.ma\/index.php?rest_route=\/wp\/v2\/pages"}],"about":[{"href":"https:\/\/aktiv-deutsch.ma\/index.php?rest_route=\/wp\/v2\/types\/page"}],"author":[{"embeddable":true,"href":"https:\/\/aktiv-deutsch.ma\/index.php?rest_route=\/wp\/v2\/users\/1"}],"replies":[{"embeddable":true,"href":"https:\/\/aktiv-deutsch.ma\/index.php?rest_route=%2Fwp%2Fv2%2Fcomments&post=143"}],"version-history":[{"count":22,"href":"https:\/\/aktiv-deutsch.ma\/index.php?rest_route=\/wp\/v2\/pages\/143\/revisions"}],"predecessor-version":[{"id":198,"href":"https:\/\/aktiv-deutsch.ma\/index.php?rest_route=\/wp\/v2\/pages\/143\/revisions\/198"}],"wp:attachment":[{"href":"https:\/\/aktiv-deutsch.ma\/index.php?rest_route=%2Fwp%2Fv2%2Fmedia&parent=143"}],"curies":[{"name":"wp","href":"https:\/\/api.w.org\/{rel}","templated":true}]}}